{"id":140,"date":"2021-12-23T12:14:58","date_gmt":"2021-12-23T15:14:58","guid":{"rendered":"https:\/\/demosites.royal-elementor-addons.com\/nature-v1\/?page_id=140"},"modified":"2023-08-19T09:02:09","modified_gmt":"2023-08-19T12:02:09","slug":"about-us","status":"publish","type":"page","link":"https:\/\/carmelaarnoni.com.br\/?page_id=140","title":{"rendered":"Sobre n\u00f3s"},"content":{"rendered":"\t\t<div data-elementor-type=\"wp-page\" data-elementor-id=\"140\" class=\"elementor elementor-140\">\n\t\t\t\t\t\t<section class=\"elementor-section elementor-top-section elementor-element elementor-element-a60c1ce elementor-section-boxed elementor-section-height-default elementor-section-height-default wpr-particle-no wpr-jarallax-no wpr-parallax-no wpr-sticky-section-no\" data-id=\"a60c1ce\" data-element_type=\"section\" data-settings=\"{&quot;background_background&quot;:&quot;classic&quot;}\">\n\t\t\t\t\t\t\t<div class=\"elementor-background-overlay\"><\/div>\n\t\t\t\t\t\t\t<div class=\"elementor-container elementor-column-gap-default\">\n\t\t\t\t\t<div class=\"elementor-column elementor-col-100 elementor-top-column elementor-element elementor-element-c0a5566\" data-id=\"c0a5566\" data-element_type=\"column\">\n\t\t\t<div class=\"elementor-widget-wrap elementor-element-populated\">\n\t\t\t\t\t\t<div class=\"elementor-element elementor-element-d29922a elementor-widget elementor-widget-heading\" data-id=\"d29922a\" data-element_type=\"widget\" data-widget_type=\"heading.default\">\n\t\t\t\t<div class=\"elementor-widget-container\">\n\t\t\t\t\t<h2 class=\"elementor-heading-title elementor-size-default\">Sobre<\/h2>\t\t\t\t<\/div>\n\t\t\t\t<\/div>\n\t\t\t\t\t<\/div>\n\t\t<\/div>\n\t\t\t\t\t<\/div>\n\t\t<\/section>\n\t\t\t\t<section class=\"elementor-section elementor-top-section elementor-element elementor-element-dccb43f elementor-section-boxed elementor-section-height-default elementor-section-height-default wpr-particle-no wpr-jarallax-no wpr-parallax-no wpr-sticky-section-no\" data-id=\"dccb43f\" data-element_type=\"section\">\n\t\t\t\t\t\t<div class=\"elementor-container elementor-column-gap-default\">\n\t\t\t\t\t<div class=\"elementor-column elementor-col-50 elementor-top-column elementor-element elementor-element-1a9ef53\" data-id=\"1a9ef53\" data-element_type=\"column\">\n\t\t\t<div class=\"elementor-widget-wrap elementor-element-populated\">\n\t\t\t\t\t\t<div class=\"elementor-element elementor-element-2a0e0fd elementor-widget elementor-widget-heading\" data-id=\"2a0e0fd\" data-element_type=\"widget\" data-widget_type=\"heading.default\">\n\t\t\t\t<div class=\"elementor-widget-container\">\n\t\t\t\t\t<h2 class=\"elementor-heading-title elementor-size-default\">Quem somos?<\/h2>\t\t\t\t<\/div>\n\t\t\t\t<\/div>\n\t\t\t\t<div class=\"elementor-element elementor-element-d72907c elementor-widget-divider--view-line elementor-widget elementor-widget-divider\" data-id=\"d72907c\" data-element_type=\"widget\" data-widget_type=\"divider.default\">\n\t\t\t\t<div class=\"elementor-widget-container\">\n\t\t\t\t\t\t\t<div class=\"elementor-divider\">\n\t\t\t<span class=\"elementor-divider-separator\">\n\t\t\t\t\t\t<\/span>\n\t\t<\/div>\n\t\t\t\t\t\t<\/div>\n\t\t\t\t<\/div>\n\t\t\t\t<div class=\"elementor-element elementor-element-410b057 elementor-widget elementor-widget-text-editor\" data-id=\"410b057\" data-element_type=\"widget\" data-widget_type=\"text-editor.default\">\n\t\t\t\t<div class=\"elementor-widget-container\">\n\t\t\t\t\t\t\t\t\t<p>A Escola Carmela Arnoni surgiu de um antigo sonho de fam\u00edlia. Um sonho de criar um espa\u00e7o \u00fanico e diferenciado, capaz de estimular as potencialidades e interesses t\u00edpicos de cada idade, proporcionando \u00e0s crian\u00e7as situa\u00e7\u00f5es e tarefas que os auxiliem durante todo seu est\u00e1gio evolutivo de forma segura, divertida e prazerosa.<\/p>\t\t\t\t\t\t\t\t<\/div>\n\t\t\t\t<\/div>\n\t\t\t\t<div class=\"elementor-element elementor-element-992abb4 wpr-button-icon-style-inline wpr-button-icon-position-right elementor-widget elementor-widget-wpr-button\" data-id=\"992abb4\" data-element_type=\"widget\" data-widget_type=\"wpr-button.default\">\n\t\t\t\t<div class=\"elementor-widget-container\">\n\t\t\t\t\t\t\n\t\n\t\t\t\t\t<\/div>\n\t\t\t\t<\/div>\n\t\t\t\t\t<\/div>\n\t\t<\/div>\n\t\t\t\t<div class=\"elementor-column elementor-col-50 elementor-top-column elementor-element elementor-element-a6cc5ec\" data-id=\"a6cc5ec\" data-element_type=\"column\">\n\t\t\t<div class=\"elementor-widget-wrap elementor-element-populated\">\n\t\t\t\t\t\t<div class=\"elementor-element elementor-element-33c217b elementor-widget elementor-widget-image\" data-id=\"33c217b\" data-element_type=\"widget\" data-widget_type=\"image.default\">\n\t\t\t\t<div class=\"elementor-widget-container\">\n\t\t\t\t\t\t\t\t\t\t\t\t\t\t\t<img fetchpriority=\"high\" decoding=\"async\" width=\"497\" height=\"469\" src=\"https:\/\/carmelaarnoni.com.br\/wp-content\/uploads\/2023\/08\/14.png\" class=\"attachment-large size-large wp-image-1507\" alt=\"\" srcset=\"https:\/\/carmelaarnoni.com.br\/wp-content\/uploads\/2023\/08\/14.png 497w, https:\/\/carmelaarnoni.com.br\/wp-content\/uploads\/2023\/08\/14-300x283.png 300w\" sizes=\"(max-width: 497px) 100vw, 497px\" \/>\t\t\t\t\t\t\t\t\t\t\t\t\t\t\t<\/div>\n\t\t\t\t<\/div>\n\t\t\t\t\t<\/div>\n\t\t<\/div>\n\t\t\t\t\t<\/div>\n\t\t<\/section>\n\t\t\t\t<section class=\"elementor-section elementor-top-section elementor-element elementor-element-cec6dda elementor-section-boxed elementor-section-height-default elementor-section-height-default wpr-particle-no wpr-jarallax-no wpr-parallax-no wpr-sticky-section-no\" data-id=\"cec6dda\" data-element_type=\"section\">\n\t\t\t\t\t\t<div class=\"elementor-container elementor-column-gap-wide\">\n\t\t\t\t\t<div class=\"elementor-column elementor-col-50 elementor-top-column elementor-element elementor-element-97ba466\" data-id=\"97ba466\" data-element_type=\"column\">\n\t\t\t<div class=\"elementor-widget-wrap elementor-element-populated\">\n\t\t\t\t\t\t<div class=\"elementor-element elementor-element-28a8953 wpr-promo-box-style-cover elementor-widget elementor-widget-wpr-promo-box\" data-id=\"28a8953\" data-element_type=\"widget\" data-widget_type=\"wpr-promo-box.default\">\n\t\t\t\t<div class=\"elementor-widget-container\">\n\t\t\t\t\t\n\t\t<div class=\"wpr-promo-box wpr-animation-wrap\">\n\n\t\t\t\t\t\t\t\n\t\t\t\t\t\t\t<div class=\"wpr-promo-box-image\">\n\t\t\t\t\t<div class=\"wpr-promo-box-bg-image wpr-bg-anim-zoom-in wpr-anim-timing-ease-default\" style=\"background-image:url(https:\/\/carmelaarnoni.com.br\/wp-content\/uploads\/2023\/05\/4.jpg);\"><\/div>\n\t\t\t\t\t<div class=\"wpr-promo-box-bg-overlay wpr-border-anim-oscar\"><\/div>\n\t\t\t\t<\/div>\n\t\t\t\t\t\t\n\t\t\t<div class=\"wpr-promo-box-content\">\n\n\t\t\t\t\t\t\t\t<div class=\"wpr-promo-box-icon\">\n\t\t\t\t\t\t\t\t\t<\/div>\n\t\t\t\t\n\t\t\t\t<h1 class=\"wpr-promo-box-title\"><span>PROPOSTA PEDAG\u00d3GICA<\/span><\/h1>\n\t\t\t\t\n\t\t\t\t\t\t\t<\/div>\n\n\t\t\t\t\t<\/div>\n\n\t\t\t\t\t\t<\/div>\n\t\t\t\t<\/div>\n\t\t\t\t\t<\/div>\n\t\t<\/div>\n\t\t\t\t<div class=\"elementor-column elementor-col-50 elementor-top-column elementor-element elementor-element-faae8ab\" data-id=\"faae8ab\" data-element_type=\"column\">\n\t\t\t<div class=\"elementor-widget-wrap elementor-element-populated\">\n\t\t\t\t\t\t<div class=\"elementor-element elementor-element-0b3a231 elementor-widget-divider--view-line elementor-widget elementor-widget-divider\" data-id=\"0b3a231\" data-element_type=\"widget\" data-widget_type=\"divider.default\">\n\t\t\t\t<div class=\"elementor-widget-container\">\n\t\t\t\t\t\t\t<div class=\"elementor-divider\">\n\t\t\t<span class=\"elementor-divider-separator\">\n\t\t\t\t\t\t<\/span>\n\t\t<\/div>\n\t\t\t\t\t\t<\/div>\n\t\t\t\t<\/div>\n\t\t\t\t<div class=\"elementor-element elementor-element-a9497ed elementor-widget elementor-widget-text-editor\" data-id=\"a9497ed\" data-element_type=\"widget\" data-widget_type=\"text-editor.default\">\n\t\t\t\t<div class=\"elementor-widget-container\">\n\t\t\t\t\t\t\t\t\t<div><span class=\"lh-1 font-size-17\"><span>Nossa linha pedag\u00f3gica envolve embasamentos dos pensadores Vygotsky e Piaget.<\/span><\/span><\/div><div><span class=\"lh-1 font-size-17\"><span>\u00a0<\/span><\/span><\/div><div><span class=\"lh-1 font-size-17\"><span>Em nossa vis\u00e3o de educa\u00e7\u00e3o, o processo de ensino aprendizagem surge a partir do conhecimento da crian\u00e7a, com a constante intera\u00e7\u00e3o social das experi\u00eancias com o outro e com o meio. Desenvolvemos um planejamento que leve em considera\u00e7\u00e3o os interesses t\u00edpicos de cada idade, proporcionando situa\u00e7\u00f5es que auxilie e estimule a crian\u00e7a no est\u00e1gio em que se encontre, levando em conta que a crian\u00e7a desenvolve seus conceitos na medida em que age, observa e se relaciona com os objetos, com o outro, com o espa\u00e7o e com o tempo.<\/span><\/span><\/div>\t\t\t\t\t\t\t\t<\/div>\n\t\t\t\t<\/div>\n\t\t\t\t\t<\/div>\n\t\t<\/div>\n\t\t\t\t\t<\/div>\n\t\t<\/section>\n\t\t\t\t<section class=\"elementor-section elementor-top-section elementor-element elementor-element-cf8176b elementor-section-height-min-height elementor-section-boxed elementor-section-height-default elementor-section-items-middle wpr-particle-no wpr-jarallax-no wpr-parallax-no wpr-sticky-section-no\" data-id=\"cf8176b\" data-element_type=\"section\" data-settings=\"{&quot;background_background&quot;:&quot;classic&quot;}\">\n\t\t\t\t\t\t\t<div class=\"elementor-background-overlay\"><\/div>\n\t\t\t\t\t\t\t<div class=\"elementor-container elementor-column-gap-default\">\n\t\t\t\t\t<div class=\"elementor-column elementor-col-50 elementor-top-column elementor-element elementor-element-4e44107 elementor-hidden-tablet elementor-hidden-mobile\" data-id=\"4e44107\" data-element_type=\"column\">\n\t\t\t<div class=\"elementor-widget-wrap\">\n\t\t\t\t\t\t\t<\/div>\n\t\t<\/div>\n\t\t\t\t<div class=\"elementor-column elementor-col-50 elementor-top-column elementor-element elementor-element-036a510\" data-id=\"036a510\" data-element_type=\"column\">\n\t\t\t<div class=\"elementor-widget-wrap elementor-element-populated\">\n\t\t\t\t\t\t<div class=\"elementor-element elementor-element-5d577e2 elementor-widget elementor-widget-heading\" data-id=\"5d577e2\" data-element_type=\"widget\" data-widget_type=\"heading.default\">\n\t\t\t\t<div class=\"elementor-widget-container\">\n\t\t\t\t\t<h3 class=\"elementor-heading-title elementor-size-default\">Escola Carmela Arnoni<\/h3>\t\t\t\t<\/div>\n\t\t\t\t<\/div>\n\t\t\t\t<div class=\"elementor-element elementor-element-5e254a0 elementor-widget-divider--view-line elementor-widget elementor-widget-divider\" data-id=\"5e254a0\" data-element_type=\"widget\" data-widget_type=\"divider.default\">\n\t\t\t\t<div class=\"elementor-widget-container\">\n\t\t\t\t\t\t\t<div class=\"elementor-divider\">\n\t\t\t<span class=\"elementor-divider-separator\">\n\t\t\t\t\t\t<\/span>\n\t\t<\/div>\n\t\t\t\t\t\t<\/div>\n\t\t\t\t<\/div>\n\t\t\t\t<div class=\"elementor-element elementor-element-5a0c6cb elementor-widget elementor-widget-text-editor\" data-id=\"5a0c6cb\" data-element_type=\"widget\" data-widget_type=\"text-editor.default\">\n\t\t\t\t<div class=\"elementor-widget-container\">\n\t\t\t\t\t\t\t\t\t<p>Seu filho cuidado com carinho e responsabilidade!<\/p>\t\t\t\t\t\t\t\t<\/div>\n\t\t\t\t<\/div>\n\t\t\t\t\t<\/div>\n\t\t<\/div>\n\t\t\t\t\t<\/div>\n\t\t<\/section>\n\t\t\t\t<\/div>\n\t\t","protected":false},"excerpt":{"rendered":"<p>Sobre Quem somos? A Escola Carmela Arnoni surgiu de um antigo sonho de fam\u00edlia. Um sonho de criar um espa\u00e7o \u00fanico e diferenciado, capaz de estimular as potencialidades e interesses t\u00edpicos de cada idade, proporcionando \u00e0s crian\u00e7as situa\u00e7\u00f5es e tarefas que os auxiliem durante todo seu est\u00e1gio evolutivo de forma segura, divertida e prazerosa. PROPOSTA PEDAG\u00d3GICA Nossa linha pedag\u00f3gica envolve embasamentos dos pensadores Vygotsky e Piaget.\u00a0Em nossa vis\u00e3o de educa\u00e7\u00e3o, o processo de ensino aprendizagem surge a partir do conhecimento da crian\u00e7a, com a constante intera\u00e7\u00e3o social das experi\u00eancias com o outro e com o meio. Desenvolvemos um planejamento que leve em considera\u00e7\u00e3o os interesses t\u00edpicos de cada idade, proporcionando situa\u00e7\u00f5es que auxilie e estimule a crian\u00e7a no est\u00e1gio em que se encontre, levando em conta que a crian\u00e7a desenvolve seus conceitos na medida em que age, observa e se relaciona com os objetos, com o outro, com o espa\u00e7o e com o tempo. Escola Carmela Arnoni Seu filho cuidado com carinho e responsabilidade!<\/p>\n","protected":false},"author":1,"featured_media":0,"parent":0,"menu_order":0,"comment_status":"closed","ping_status":"closed","template":"elementor_canvas","meta":{"footnotes":""},"_links":{"self":[{"href":"https:\/\/carmelaarnoni.com.br\/index.php?rest_route=\/wp\/v2\/pages\/140"}],"collection":[{"href":"https:\/\/carmelaarnoni.com.br\/index.php?rest_route=\/wp\/v2\/pages"}],"about":[{"href":"https:\/\/carmelaarnoni.com.br\/index.php?rest_route=\/wp\/v2\/types\/page"}],"author":[{"embeddable":true,"href":"https:\/\/carmelaarnoni.com.br\/index.php?rest_route=\/wp\/v2\/users\/1"}],"replies":[{"embeddable":true,"href":"https:\/\/carmelaarnoni.com.br\/index.php?rest_route=%2Fwp%2Fv2%2Fcomments&post=140"}],"version-history":[{"count":31,"href":"https:\/\/carmelaarnoni.com.br\/index.php?rest_route=\/wp\/v2\/pages\/140\/revisions"}],"predecessor-version":[{"id":1511,"href":"https:\/\/carmelaarnoni.com.br\/index.php?rest_route=\/wp\/v2\/pages\/140\/revisions\/1511"}],"wp:attachment":[{"href":"https:\/\/carmelaarnoni.com.br\/index.php?rest_route=%2Fwp%2Fv2%2Fmedia&parent=140"}],"curies":[{"name":"wp","href":"https:\/\/api.w.org\/{rel}","templated":true}]}}